{"id":107,"date":"2025-01-07T18:02:18","date_gmt":"2025-01-07T18:02:18","guid":{"rendered":"https:\/\/www.caribbeanadventuretoursgt.com\/?page_id=107"},"modified":"2026-02-07T15:34:58","modified_gmt":"2026-02-07T15:34:58","slug":"ensenada-verde","status":"publish","type":"page","link":"https:\/\/www.caribbeanadventuretoursgt.com\/es\/ensenada-verde\/","title":{"rendered":"Ensenada Verde"},"content":{"rendered":"<p>Ensenada Verde est\u00e1 ubicada en el punto donde las monta\u00f1as y la selva tropical se encuentran con la bah\u00eda de Santo Tom\u00e1s. Hay senderos naturales bien cuidados, majestuosos afloramientos rocosos y una torre de observaci\u00f3n. Tambi\u00e9n hay alquiler de kayaks y un gran muelle flotante para nadar y bucear.<\/p>\n\n\n\n<figure class=\"wp-block-image aligncenter size-large is-resized\"><img loading=\"lazy\" decoding=\"async\" width=\"576\" height=\"1024\" src=\"https:\/\/www.caribbeanadventuretoursgt.com\/wp-content\/uploads\/2025\/01\/27-ev1-576x1024.jpg\" alt=\"\" class=\"wp-image-280\" style=\"width:242px;height:auto\" srcset=\"https:\/\/www.caribbeanadventuretoursgt.com\/wp-content\/uploads\/2025\/01\/27-ev1-576x1024.jpg 576w, https:\/\/www.caribbeanadventuretoursgt.com\/wp-content\/uploads\/2025\/01\/27-ev1-169x300.jpg 169w, https:\/\/www.caribbeanadventuretoursgt.com\/wp-content\/uploads\/2025\/01\/27-ev1-768x1365.jpg 768w, https:\/\/www.caribbeanadventuretoursgt.com\/wp-content\/uploads\/2025\/01\/27-ev1-864x1536.jpg 864w, https:\/\/www.caribbeanadventuretoursgt.com\/wp-content\/uploads\/2025\/01\/27-ev1-7x12.jpg 7w, https:\/\/www.caribbeanadventuretoursgt.com\/wp-content\/uploads\/2025\/01\/27-ev1.jpg 1080w\" sizes=\"auto, (max-width: 576px) 100vw, 576px\" \/><\/figure>\n\n\n\n<figure class=\"wp-block-image aligncenter size-large is-resized\"><img loading=\"lazy\" decoding=\"async\" width=\"576\" height=\"1024\" src=\"https:\/\/www.caribbeanadventuretoursgt.com\/wp-content\/uploads\/2025\/01\/28-ev2-576x1024.jpg\" alt=\"\" class=\"wp-image-281\" style=\"width:241px;height:auto\" srcset=\"https:\/\/www.caribbeanadventuretoursgt.com\/wp-content\/uploads\/2025\/01\/28-ev2-576x1024.jpg 576w, https:\/\/www.caribbeanadventuretoursgt.com\/wp-content\/uploads\/2025\/01\/28-ev2-169x300.jpg 169w, https:\/\/www.caribbeanadventuretoursgt.com\/wp-content\/uploads\/2025\/01\/28-ev2-768x1365.jpg 768w, https:\/\/www.caribbeanadventuretoursgt.com\/wp-content\/uploads\/2025\/01\/28-ev2-864x1536.jpg 864w, https:\/\/www.caribbeanadventuretoursgt.com\/wp-content\/uploads\/2025\/01\/28-ev2-7x12.jpg 7w, https:\/\/www.caribbeanadventuretoursgt.com\/wp-content\/uploads\/2025\/01\/28-ev2.jpg 1080w\" sizes=\"auto, (max-width: 576px) 100vw, 576px\" \/><\/figure>\n\n\n\n<figure class=\"wp-block-image aligncenter size-full is-resized\"><img loading=\"lazy\" decoding=\"async\" width=\"608\" height=\"807\" src=\"https:\/\/www.caribbeanadventuretoursgt.com\/wp-content\/uploads\/2025\/01\/29-ev3.jpg\" alt=\"\" class=\"wp-image-282\" style=\"width:248px;height:auto\" srcset=\"https:\/\/www.caribbeanadventuretoursgt.com\/wp-content\/uploads\/2025\/01\/29-ev3.jpg 608w, https:\/\/www.caribbeanadventuretoursgt.com\/wp-content\/uploads\/2025\/01\/29-ev3-226x300.jpg 226w, https:\/\/www.caribbeanadventuretoursgt.com\/wp-content\/uploads\/2025\/01\/29-ev3-9x12.jpg 9w\" sizes=\"auto, (max-width: 608px) 100vw, 608px\" \/><\/figure>\n\n\n\n<figure class=\"wp-block-image aligncenter size-full is-resized\"><img loading=\"lazy\" decoding=\"async\" width=\"1080\" height=\"1920\" src=\"https:\/\/www.caribbeanadventuretoursgt.com\/wp-content\/uploads\/2025\/01\/30-ev4.jpg\" alt=\"\" class=\"wp-image-283\" style=\"width:256px;height:auto\" srcset=\"https:\/\/www.caribbeanadventuretoursgt.com\/wp-content\/uploads\/2025\/01\/30-ev4.jpg 1080w, https:\/\/www.caribbeanadventuretoursgt.com\/wp-content\/uploads\/2025\/01\/30-ev4-169x300.jpg 169w, https:\/\/www.caribbeanadventuretoursgt.com\/wp-content\/uploads\/2025\/01\/30-ev4-576x1024.jpg 576w, https:\/\/www.caribbeanadventuretoursgt.com\/wp-content\/uploads\/2025\/01\/30-ev4-768x1365.jpg 768w, https:\/\/www.caribbeanadventuretoursgt.com\/wp-content\/uploads\/2025\/01\/30-ev4-864x1536.jpg 864w, https:\/\/www.caribbeanadventuretoursgt.com\/wp-content\/uploads\/2025\/01\/30-ev4-7x12.jpg 7w\" sizes=\"auto, (max-width: 1080px) 100vw, 1080px\" \/><\/figure>\n\n\n\n<figure class=\"wp-block-image aligncenter size-large is-resized\"><img loading=\"lazy\" decoding=\"async\" width=\"576\" height=\"1024\" src=\"https:\/\/www.caribbeanadventuretoursgt.com\/wp-content\/uploads\/2025\/01\/ev4-576x1024.jpg\" alt=\"\" class=\"wp-image-360\" style=\"width:259px;height:auto\" srcset=\"https:\/\/www.caribbeanadventuretoursgt.com\/wp-content\/uploads\/2025\/01\/ev4-576x1024.jpg 576w, https:\/\/www.caribbeanadventuretoursgt.com\/wp-content\/uploads\/2025\/01\/ev4-169x300.jpg 169w, https:\/\/www.caribbeanadventuretoursgt.com\/wp-content\/uploads\/2025\/01\/ev4-768x1365.jpg 768w, https:\/\/www.caribbeanadventuretoursgt.com\/wp-content\/uploads\/2025\/01\/ev4-864x1536.jpg 864w, https:\/\/www.caribbeanadventuretoursgt.com\/wp-content\/uploads\/2025\/01\/ev4-7x12.jpg 7w, https:\/\/www.caribbeanadventuretoursgt.com\/wp-content\/uploads\/2025\/01\/ev4.jpg 1080w\" sizes=\"auto, (max-width: 576px) 100vw, 576px\" \/><\/figure>\n\n\n\n<p>I also put together a set of free guides to help people get oriented.<\/p>\n\n\n\n<div class=\"wp-block-buttons is-layout-flex wp-block-buttons-is-layout-flex\">\n<div class=\"wp-block-button\"><a class=\"wp-block-button__link wp-element-button\" href=\"https:\/\/www.caribbeanadventuretoursgt.com\/es\/punta-de-cocoli\/\">Punta de Cocol\u00ed<\/a><\/div>\n<\/div>\n\n\n\n<p class=\"has-text-align-center\"><strong><small>Para hacer reservas, ll\u00e1menos, env\u00edenos un email o un mensaje en WhatsApp.<\/small><\/strong><\/p>\n\n\n\n<p class=\"has-text-align-center\"><a href=\"https:\/\/wa.me\/50236877670\">+502 3687 7670<\/a> \/ <a href=\"mailto:caribbeanadventuretoursgt@gmail.com\">caribbeanadventuretoursgt@gmail.com<\/a><\/p>\n\n\n\n<p class=\"has-text-align-center\"><\/p>","protected":false},"excerpt":{"rendered":"<p>Ensenada Verde is located where the mountains and rain forest meets the Santo Tomas Bay. There are manicured nature trails, majestic rock outcroppings, and a lookout tower. There are also kayak rentals and a large floating dock for swimming and diving. I also put together a set of free guides to help people get oriented. [&hellip;]<\/p>","protected":false},"author":1,"featured_media":0,"parent":0,"menu_order":0,"comment_status":"closed","ping_status":"closed","template":"landing-page","meta":{"footnotes":""},"class_list":["post-107","page","type-page","status-publish","hentry"],"_links":{"self":[{"href":"https:\/\/www.caribbeanadventuretoursgt.com\/es\/wp-json\/wp\/v2\/pages\/107","targetHints":{"allow":["GET"]}}],"collection":[{"href":"https:\/\/www.caribbeanadventuretoursgt.com\/es\/wp-json\/wp\/v2\/pages"}],"about":[{"href":"https:\/\/www.caribbeanadventuretoursgt.com\/es\/wp-json\/wp\/v2\/types\/page"}],"author":[{"embeddable":true,"href":"https:\/\/www.caribbeanadventuretoursgt.com\/es\/wp-json\/wp\/v2\/users\/1"}],"replies":[{"embeddable":true,"href":"https:\/\/www.caribbeanadventuretoursgt.com\/es\/wp-json\/wp\/v2\/comments?post=107"}],"version-history":[{"count":10,"href":"https:\/\/www.caribbeanadventuretoursgt.com\/es\/wp-json\/wp\/v2\/pages\/107\/revisions"}],"predecessor-version":[{"id":761,"href":"https:\/\/www.caribbeanadventuretoursgt.com\/es\/wp-json\/wp\/v2\/pages\/107\/revisions\/761"}],"wp:attachment":[{"href":"https:\/\/www.caribbeanadventuretoursgt.com\/es\/wp-json\/wp\/v2\/media?parent=107"}],"curies":[{"name":"wp","href":"https:\/\/api.w.org\/{rel}","templated":true}]}}