{"id":144,"date":"2025-01-08T16:32:53","date_gmt":"2025-01-08T16:32:53","guid":{"rendered":"https:\/\/www.caribbeanadventuretoursgt.com\/?page_id=144"},"modified":"2026-02-07T15:38:52","modified_gmt":"2026-02-07T15:38:52","slug":"punta-de-cocoli","status":"publish","type":"page","link":"https:\/\/www.caribbeanadventuretoursgt.com\/es\/punta-de-cocoli\/","title":{"rendered":"Punta de Cocol\u00ed"},"content":{"rendered":"<p><big>Punta de Cocol\u00ed<\/big><\/p>\n\n\n\n<p>A medio camino entre Siete Altares y Playa Blanca se encuentra la poco conocida playa de Punta de Cocol\u00ed. Una estrecha franja de arena dorada separa las monta\u00f1as boscosas de las aguas profundas y transparentes. La zona est\u00e1 dividida en varias playas m\u00e1s peque\u00f1as por grandes afloramientos rocosos que tambi\u00e9n sirven para bloquear las olas, creando el entorno perfecto para nadar y hacer snorkel.<\/p>\n\n\n\n<figure class=\"wp-block-image aligncenter size-large\"><img loading=\"lazy\" decoding=\"async\" width=\"1024\" height=\"576\" src=\"https:\/\/www.caribbeanadventuretoursgt.com\/wp-content\/uploads\/2025\/01\/31-pc1-1024x576.jpg\" alt=\"\" class=\"wp-image-284\" srcset=\"https:\/\/www.caribbeanadventuretoursgt.com\/wp-content\/uploads\/2025\/01\/31-pc1-1024x576.jpg 1024w, https:\/\/www.caribbeanadventuretoursgt.com\/wp-content\/uploads\/2025\/01\/31-pc1-300x169.jpg 300w, https:\/\/www.caribbeanadventuretoursgt.com\/wp-content\/uploads\/2025\/01\/31-pc1-768x432.jpg 768w, https:\/\/www.caribbeanadventuretoursgt.com\/wp-content\/uploads\/2025\/01\/31-pc1-1536x864.jpg 1536w, https:\/\/www.caribbeanadventuretoursgt.com\/wp-content\/uploads\/2025\/01\/31-pc1-2048x1153.jpg 2048w, https:\/\/www.caribbeanadventuretoursgt.com\/wp-content\/uploads\/2025\/01\/31-pc1-18x10.jpg 18w\" sizes=\"auto, (max-width: 1024px) 100vw, 1024px\" \/><\/figure>\n\n\n\n<figure class=\"wp-block-image aligncenter size-large is-resized\"><img loading=\"lazy\" decoding=\"async\" width=\"576\" height=\"1024\" src=\"https:\/\/www.caribbeanadventuretoursgt.com\/wp-content\/uploads\/2025\/01\/32-pc2-576x1024.jpg\" alt=\"\" class=\"wp-image-285\" style=\"width:200px;height:auto\" srcset=\"https:\/\/www.caribbeanadventuretoursgt.com\/wp-content\/uploads\/2025\/01\/32-pc2-576x1024.jpg 576w, https:\/\/www.caribbeanadventuretoursgt.com\/wp-content\/uploads\/2025\/01\/32-pc2-169x300.jpg 169w, https:\/\/www.caribbeanadventuretoursgt.com\/wp-content\/uploads\/2025\/01\/32-pc2-768x1365.jpg 768w, https:\/\/www.caribbeanadventuretoursgt.com\/wp-content\/uploads\/2025\/01\/32-pc2-864x1536.jpg 864w, https:\/\/www.caribbeanadventuretoursgt.com\/wp-content\/uploads\/2025\/01\/32-pc2-1153x2048.jpg 1153w, https:\/\/www.caribbeanadventuretoursgt.com\/wp-content\/uploads\/2025\/01\/32-pc2-7x12.jpg 7w, https:\/\/www.caribbeanadventuretoursgt.com\/wp-content\/uploads\/2025\/01\/32-pc2-scaled.jpg 1441w\" sizes=\"auto, (max-width: 576px) 100vw, 576px\" \/><\/figure>\n\n\n\n<figure class=\"wp-block-image aligncenter size-large\"><img loading=\"lazy\" decoding=\"async\" width=\"1024\" height=\"576\" src=\"https:\/\/www.caribbeanadventuretoursgt.com\/wp-content\/uploads\/2025\/01\/33-pc3-1024x576.jpg\" alt=\"\" class=\"wp-image-286\" srcset=\"https:\/\/www.caribbeanadventuretoursgt.com\/wp-content\/uploads\/2025\/01\/33-pc3-1024x576.jpg 1024w, https:\/\/www.caribbeanadventuretoursgt.com\/wp-content\/uploads\/2025\/01\/33-pc3-300x169.jpg 300w, https:\/\/www.caribbeanadventuretoursgt.com\/wp-content\/uploads\/2025\/01\/33-pc3-768x432.jpg 768w, https:\/\/www.caribbeanadventuretoursgt.com\/wp-content\/uploads\/2025\/01\/33-pc3-1536x864.jpg 1536w, https:\/\/www.caribbeanadventuretoursgt.com\/wp-content\/uploads\/2025\/01\/33-pc3-2048x1153.jpg 2048w, https:\/\/www.caribbeanadventuretoursgt.com\/wp-content\/uploads\/2025\/01\/33-pc3-18x10.jpg 18w\" sizes=\"auto, (max-width: 1024px) 100vw, 1024px\" \/><\/figure>\n\n\n\n<p>I also put together a set of free guides to help people get oriented.<\/p>\n\n\n\n<div class=\"wp-block-buttons is-layout-flex wp-block-buttons-is-layout-flex\">\n<div class=\"wp-block-button\"><a class=\"wp-block-button__link wp-element-button\" href=\"https:\/\/www.caribbeanadventuretoursgt.com\/es\/agua-caliente\/\">Agua Caliente<\/a><\/div>\n<\/div>\n\n\n\n<p class=\"has-text-align-center\"><strong><small>Para hacer reservas, ll\u00e1menos, env\u00edenos un email o un mensaje en WhatsApp.<\/small><\/strong><\/p>\n\n\n\n<p class=\"has-text-align-center\"><a href=\"https:\/\/wa.me\/50236877670\">+502 3687 7670<\/a> \/ <a href=\"mailto:caribbeanadventuretoursgt@gmail.com\">caribbeanadventuretoursgt@gmail.com<\/a><\/p>\n\n\n\n<p class=\"has-text-align-center\"><\/p>","protected":false},"excerpt":{"rendered":"<p>Punta de Cocol\u00ed Half way between Siete Altares and Playa Blanca lies the little-known beach of Punta de Cocol\u00ed. A narrow strip of golden sand separates forested mountains from deep, clear water. The area is divided into several smaller beaches by large rock outcroppings that also serve to block waves, creating the perfect environment for [&hellip;]<\/p>","protected":false},"author":1,"featured_media":0,"parent":0,"menu_order":0,"comment_status":"closed","ping_status":"closed","template":"landing-page","meta":{"footnotes":""},"class_list":["post-144","page","type-page","status-publish","hentry"],"_links":{"self":[{"href":"https:\/\/www.caribbeanadventuretoursgt.com\/es\/wp-json\/wp\/v2\/pages\/144","targetHints":{"allow":["GET"]}}],"collection":[{"href":"https:\/\/www.caribbeanadventuretoursgt.com\/es\/wp-json\/wp\/v2\/pages"}],"about":[{"href":"https:\/\/www.caribbeanadventuretoursgt.com\/es\/wp-json\/wp\/v2\/types\/page"}],"author":[{"embeddable":true,"href":"https:\/\/www.caribbeanadventuretoursgt.com\/es\/wp-json\/wp\/v2\/users\/1"}],"replies":[{"embeddable":true,"href":"https:\/\/www.caribbeanadventuretoursgt.com\/es\/wp-json\/wp\/v2\/comments?post=144"}],"version-history":[{"count":10,"href":"https:\/\/www.caribbeanadventuretoursgt.com\/es\/wp-json\/wp\/v2\/pages\/144\/revisions"}],"predecessor-version":[{"id":766,"href":"https:\/\/www.caribbeanadventuretoursgt.com\/es\/wp-json\/wp\/v2\/pages\/144\/revisions\/766"}],"wp:attachment":[{"href":"https:\/\/www.caribbeanadventuretoursgt.com\/es\/wp-json\/wp\/v2\/media?parent=144"}],"curies":[{"name":"wp","href":"https:\/\/api.w.org\/{rel}","templated":true}]}}