{"id":355,"date":"2025-01-18T21:48:17","date_gmt":"2025-01-18T21:48:17","guid":{"rendered":"https:\/\/www.caribbeanadventuretoursgt.com\/?page_id=355"},"modified":"2026-02-07T15:39:33","modified_gmt":"2026-02-07T15:39:33","slug":"punta-de-manabique","status":"publish","type":"page","link":"https:\/\/www.caribbeanadventuretoursgt.com\/es\/punta-de-manabique\/","title":{"rendered":"Punta de Manabique"},"content":{"rendered":"<p><big>Punta de Manabique<\/big><\/p>\n\n\n\n<p>Punta de Manabique es un \u00e1rea protegida que separa la Bah\u00eda de Amatique del Golfo de Honduras. El \u00e1rea cubre 1,519 kil\u00f3metros cuadrados (586 millas cuadradas) y se extiende hasta la frontera con Honduras.<\/p>\n\n\n\n<p>El \u00e1rea cerca de la punta de la pen\u00ednsula tiene aguas claras y tranquilas. Hay un restaurante que prepara una variedad de mariscos frescos de la zona. Tambi\u00e9n hay un yate hundido que es un excelente lugar para hacer snorkel.<\/p>\n\n\n\n<figure class=\"wp-block-image size-large\"><img loading=\"lazy\" decoding=\"async\" width=\"1024\" height=\"724\" src=\"https:\/\/www.caribbeanadventuretoursgt.com\/wp-content\/uploads\/2025\/01\/14-pm4-1024x724.jpg\" alt=\"\" class=\"wp-image-267\" srcset=\"https:\/\/www.caribbeanadventuretoursgt.com\/wp-content\/uploads\/2025\/01\/14-pm4-1024x724.jpg 1024w, https:\/\/www.caribbeanadventuretoursgt.com\/wp-content\/uploads\/2025\/01\/14-pm4-300x212.jpg 300w, https:\/\/www.caribbeanadventuretoursgt.com\/wp-content\/uploads\/2025\/01\/14-pm4-768x543.jpg 768w, https:\/\/www.caribbeanadventuretoursgt.com\/wp-content\/uploads\/2025\/01\/14-pm4-18x12.jpg 18w, https:\/\/www.caribbeanadventuretoursgt.com\/wp-content\/uploads\/2025\/01\/14-pm4.jpg 1202w\" sizes=\"auto, (max-width: 1024px) 100vw, 1024px\" \/><\/figure>\n\n\n\n<figure class=\"wp-block-image size-large\"><img loading=\"lazy\" decoding=\"async\" width=\"1024\" height=\"576\" src=\"https:\/\/www.caribbeanadventuretoursgt.com\/wp-content\/uploads\/2025\/01\/13-pm3-1024x576.jpg\" alt=\"\" class=\"wp-image-266\" srcset=\"https:\/\/www.caribbeanadventuretoursgt.com\/wp-content\/uploads\/2025\/01\/13-pm3-1024x576.jpg 1024w, https:\/\/www.caribbeanadventuretoursgt.com\/wp-content\/uploads\/2025\/01\/13-pm3-300x169.jpg 300w, https:\/\/www.caribbeanadventuretoursgt.com\/wp-content\/uploads\/2025\/01\/13-pm3-768x432.jpg 768w, https:\/\/www.caribbeanadventuretoursgt.com\/wp-content\/uploads\/2025\/01\/13-pm3-1536x864.jpg 1536w, https:\/\/www.caribbeanadventuretoursgt.com\/wp-content\/uploads\/2025\/01\/13-pm3-18x10.jpg 18w, https:\/\/www.caribbeanadventuretoursgt.com\/wp-content\/uploads\/2025\/01\/13-pm3.jpg 1600w\" sizes=\"auto, (max-width: 1024px) 100vw, 1024px\" \/><\/figure>\n\n\n\n<figure class=\"wp-block-video\"><video height=\"720\" style=\"aspect-ratio: 1280 \/ 720;\" width=\"1280\" controls src=\"https:\/\/www.caribbeanadventuretoursgt.com\/wp-content\/uploads\/2025\/01\/fish-video-720.mp4\"><\/video><\/figure>\n\n\n\n<figure class=\"wp-block-image size-large\"><img loading=\"lazy\" decoding=\"async\" width=\"1024\" height=\"576\" src=\"https:\/\/www.caribbeanadventuretoursgt.com\/wp-content\/uploads\/2025\/01\/15-pm4-1024x576.jpg\" alt=\"\" class=\"wp-image-268\" srcset=\"https:\/\/www.caribbeanadventuretoursgt.com\/wp-content\/uploads\/2025\/01\/15-pm4-1024x576.jpg 1024w, https:\/\/www.caribbeanadventuretoursgt.com\/wp-content\/uploads\/2025\/01\/15-pm4-300x169.jpg 300w, https:\/\/www.caribbeanadventuretoursgt.com\/wp-content\/uploads\/2025\/01\/15-pm4-768x432.jpg 768w, https:\/\/www.caribbeanadventuretoursgt.com\/wp-content\/uploads\/2025\/01\/15-pm4-1536x864.jpg 1536w, https:\/\/www.caribbeanadventuretoursgt.com\/wp-content\/uploads\/2025\/01\/15-pm4-18x10.jpg 18w, https:\/\/www.caribbeanadventuretoursgt.com\/wp-content\/uploads\/2025\/01\/15-pm4.jpg 1600w\" sizes=\"auto, (max-width: 1024px) 100vw, 1024px\" \/><\/figure>\n\n\n\n<p>I also put together a set of free guides to help people get oriented.<\/p>\n\n\n\n<div class=\"wp-block-buttons is-layout-flex wp-block-buttons-is-layout-flex\">\n<div class=\"wp-block-button\"><a class=\"wp-block-button__link wp-element-button\" href=\"https:\/\/www.caribbeanadventuretoursgt.com\/es\/playa-blanca\/\">Playa Blanca<\/a><\/div>\n<\/div>\n\n\n\n<p class=\"has-text-align-center\"><strong><small>Para hacer reservas, ll\u00e1menos, env\u00edenos un email o un mensaje en WhatsApp.<\/small><\/strong><\/p>\n\n\n\n<p class=\"has-text-align-center\"><a href=\"https:\/\/wa.me\/50236877670\">+502 3687 7670<\/a> \/ <a href=\"mailto:caribbeanadventuretoursgt@gmail.com\">caribbeanadventuretoursgt@gmail.com<\/a><\/p>\n\n\n\n<p class=\"has-text-align-center\"><\/p>","protected":false},"excerpt":{"rendered":"<p>Punta de Manabique Punta de Manabique is a protected area that separates the Amatique Bay from the Gulf of Honduras. The area covers 1,519 square kilometers (586 square miles) and extends to the Honduras border. The area near the tip of the peninsula has clear, calm water. There is a restaurant that prepares a variety [&hellip;]<\/p>","protected":false},"author":1,"featured_media":0,"parent":0,"menu_order":0,"comment_status":"closed","ping_status":"closed","template":"landing-page","meta":{"footnotes":""},"class_list":["post-355","page","type-page","status-publish","hentry"],"_links":{"self":[{"href":"https:\/\/www.caribbeanadventuretoursgt.com\/es\/wp-json\/wp\/v2\/pages\/355","targetHints":{"allow":["GET"]}}],"collection":[{"href":"https:\/\/www.caribbeanadventuretoursgt.com\/es\/wp-json\/wp\/v2\/pages"}],"about":[{"href":"https:\/\/www.caribbeanadventuretoursgt.com\/es\/wp-json\/wp\/v2\/types\/page"}],"author":[{"embeddable":true,"href":"https:\/\/www.caribbeanadventuretoursgt.com\/es\/wp-json\/wp\/v2\/users\/1"}],"replies":[{"embeddable":true,"href":"https:\/\/www.caribbeanadventuretoursgt.com\/es\/wp-json\/wp\/v2\/comments?post=355"}],"version-history":[{"count":9,"href":"https:\/\/www.caribbeanadventuretoursgt.com\/es\/wp-json\/wp\/v2\/pages\/355\/revisions"}],"predecessor-version":[{"id":767,"href":"https:\/\/www.caribbeanadventuretoursgt.com\/es\/wp-json\/wp\/v2\/pages\/355\/revisions\/767"}],"wp:attachment":[{"href":"https:\/\/www.caribbeanadventuretoursgt.com\/es\/wp-json\/wp\/v2\/media?parent=355"}],"curies":[{"name":"wp","href":"https:\/\/api.w.org\/{rel}","templated":true}]}}