{"id":77,"date":"2025-01-07T16:04:21","date_gmt":"2025-01-07T16:04:21","guid":{"rendered":"https:\/\/www.caribbeanadventuretoursgt.com\/?page_id=77"},"modified":"2026-02-07T15:40:44","modified_gmt":"2026-02-07T15:40:44","slug":"siete-altares","status":"publish","type":"page","link":"https:\/\/www.caribbeanadventuretoursgt.com\/es\/siete-altares\/","title":{"rendered":"Siete Altares"},"content":{"rendered":"<p><big>Siete Altares<\/big><\/p>\n\n\n\n<p>Siete Altares es un r\u00edo al que se puede acceder por agua y que se encuentra a unos 5 kil\u00f3metros (3 millas) al noroeste de Livingston. Hay una serie de 7 cascadas y piscinas naturales de agua cristalina (altares) antes de que el r\u00edo se encuentre con el mar.<\/p>\n\n\n\n<p>Las personas que trabajan all\u00ed hablan gar\u00edfuna como su primera lengua. Tienen un altar tradicional gar\u00edfuna en la entrada, venden comida tradicional los fines de semana y est\u00e1n orgullosos de responder preguntas sobre su cultura.<\/p>\n\n\n\n<figure class=\"wp-block-image size-large\"><img loading=\"lazy\" decoding=\"async\" width=\"1024\" height=\"768\" src=\"https:\/\/www.caribbeanadventuretoursgt.com\/wp-content\/uploads\/2025\/01\/22-sa1-1024x768.jpg\" alt=\"\" class=\"wp-image-275\" srcset=\"https:\/\/www.caribbeanadventuretoursgt.com\/wp-content\/uploads\/2025\/01\/22-sa1-1024x768.jpg 1024w, https:\/\/www.caribbeanadventuretoursgt.com\/wp-content\/uploads\/2025\/01\/22-sa1-300x225.jpg 300w, https:\/\/www.caribbeanadventuretoursgt.com\/wp-content\/uploads\/2025\/01\/22-sa1-768x576.jpg 768w, https:\/\/www.caribbeanadventuretoursgt.com\/wp-content\/uploads\/2025\/01\/22-sa1-1536x1151.jpg 1536w, https:\/\/www.caribbeanadventuretoursgt.com\/wp-content\/uploads\/2025\/01\/22-sa1-2048x1535.jpg 2048w, https:\/\/www.caribbeanadventuretoursgt.com\/wp-content\/uploads\/2025\/01\/22-sa1-16x12.jpg 16w\" sizes=\"auto, (max-width: 1024px) 100vw, 1024px\" \/><\/figure>\n\n\n\n<figure class=\"wp-block-image size-large\"><img loading=\"lazy\" decoding=\"async\" width=\"1024\" height=\"576\" src=\"https:\/\/www.caribbeanadventuretoursgt.com\/wp-content\/uploads\/2025\/01\/23-sa2-1024x576.jpg\" alt=\"\" class=\"wp-image-276\" srcset=\"https:\/\/www.caribbeanadventuretoursgt.com\/wp-content\/uploads\/2025\/01\/23-sa2-1024x576.jpg 1024w, https:\/\/www.caribbeanadventuretoursgt.com\/wp-content\/uploads\/2025\/01\/23-sa2-300x169.jpg 300w, https:\/\/www.caribbeanadventuretoursgt.com\/wp-content\/uploads\/2025\/01\/23-sa2-768x432.jpg 768w, https:\/\/www.caribbeanadventuretoursgt.com\/wp-content\/uploads\/2025\/01\/23-sa2-1536x864.jpg 1536w, https:\/\/www.caribbeanadventuretoursgt.com\/wp-content\/uploads\/2025\/01\/23-sa2-2048x1153.jpg 2048w, https:\/\/www.caribbeanadventuretoursgt.com\/wp-content\/uploads\/2025\/01\/23-sa2-18x10.jpg 18w\" sizes=\"auto, (max-width: 1024px) 100vw, 1024px\" \/><\/figure>\n\n\n\n<figure class=\"wp-block-image size-large\"><img loading=\"lazy\" decoding=\"async\" width=\"1024\" height=\"576\" src=\"https:\/\/www.caribbeanadventuretoursgt.com\/wp-content\/uploads\/2025\/01\/24-sa3-1024x576.jpg\" alt=\"\" class=\"wp-image-277\" srcset=\"https:\/\/www.caribbeanadventuretoursgt.com\/wp-content\/uploads\/2025\/01\/24-sa3-1024x576.jpg 1024w, https:\/\/www.caribbeanadventuretoursgt.com\/wp-content\/uploads\/2025\/01\/24-sa3-300x169.jpg 300w, https:\/\/www.caribbeanadventuretoursgt.com\/wp-content\/uploads\/2025\/01\/24-sa3-768x432.jpg 768w, https:\/\/www.caribbeanadventuretoursgt.com\/wp-content\/uploads\/2025\/01\/24-sa3-1536x864.jpg 1536w, https:\/\/www.caribbeanadventuretoursgt.com\/wp-content\/uploads\/2025\/01\/24-sa3-2048x1153.jpg 2048w, https:\/\/www.caribbeanadventuretoursgt.com\/wp-content\/uploads\/2025\/01\/24-sa3-18x10.jpg 18w\" sizes=\"auto, (max-width: 1024px) 100vw, 1024px\" \/><\/figure>\n\n\n\n<figure class=\"wp-block-image size-large\"><img loading=\"lazy\" decoding=\"async\" width=\"1024\" height=\"576\" src=\"https:\/\/www.caribbeanadventuretoursgt.com\/wp-content\/uploads\/2025\/01\/25-sa4-1024x576.jpg\" alt=\"\" class=\"wp-image-278\" srcset=\"https:\/\/www.caribbeanadventuretoursgt.com\/wp-content\/uploads\/2025\/01\/25-sa4-1024x576.jpg 1024w, https:\/\/www.caribbeanadventuretoursgt.com\/wp-content\/uploads\/2025\/01\/25-sa4-300x169.jpg 300w, https:\/\/www.caribbeanadventuretoursgt.com\/wp-content\/uploads\/2025\/01\/25-sa4-768x432.jpg 768w, https:\/\/www.caribbeanadventuretoursgt.com\/wp-content\/uploads\/2025\/01\/25-sa4-1536x864.jpg 1536w, https:\/\/www.caribbeanadventuretoursgt.com\/wp-content\/uploads\/2025\/01\/25-sa4-2048x1153.jpg 2048w, https:\/\/www.caribbeanadventuretoursgt.com\/wp-content\/uploads\/2025\/01\/25-sa4-18x10.jpg 18w\" sizes=\"auto, (max-width: 1024px) 100vw, 1024px\" \/><\/figure>\n\n\n\n<figure class=\"wp-block-image size-large\"><img loading=\"lazy\" decoding=\"async\" width=\"1024\" height=\"576\" src=\"https:\/\/www.caribbeanadventuretoursgt.com\/wp-content\/uploads\/2025\/01\/26-sa5-1024x576.jpg\" alt=\"\" class=\"wp-image-279\" srcset=\"https:\/\/www.caribbeanadventuretoursgt.com\/wp-content\/uploads\/2025\/01\/26-sa5-1024x576.jpg 1024w, https:\/\/www.caribbeanadventuretoursgt.com\/wp-content\/uploads\/2025\/01\/26-sa5-300x169.jpg 300w, https:\/\/www.caribbeanadventuretoursgt.com\/wp-content\/uploads\/2025\/01\/26-sa5-768x432.jpg 768w, https:\/\/www.caribbeanadventuretoursgt.com\/wp-content\/uploads\/2025\/01\/26-sa5-1536x864.jpg 1536w, https:\/\/www.caribbeanadventuretoursgt.com\/wp-content\/uploads\/2025\/01\/26-sa5-2048x1153.jpg 2048w, https:\/\/www.caribbeanadventuretoursgt.com\/wp-content\/uploads\/2025\/01\/26-sa5-18x10.jpg 18w\" sizes=\"auto, (max-width: 1024px) 100vw, 1024px\" \/><\/figure>\n\n\n\n<p>I also put together a set of free guides to help people get oriented.<\/p>\n\n\n\n<div class=\"wp-block-buttons is-layout-flex wp-block-buttons-is-layout-flex\">\n<div class=\"wp-block-button\"><a class=\"wp-block-button__link wp-element-button\" href=\"https:\/\/www.caribbeanadventuretoursgt.com\/es\/ensenada-verde\/\">Ensenada Verde<\/a><\/div>\n<\/div>\n\n\n\n<p class=\"has-text-align-center\"><strong><small>Para hacer reservas, ll\u00e1menos, env\u00edenos un email o un mensaje en WhatsApp.<\/small><\/strong><\/p>\n\n\n\n<p class=\"has-text-align-center\"><a href=\"https:\/\/wa.me\/50236877670\">+502 3687 7670<\/a> \/ <a href=\"mailto:caribbeanadventuretoursgt@gmail.com\">caribbeanadventuretoursgt@gmail.com<\/a><\/p>\n\n\n\n<p class=\"has-text-align-center\"><\/p>","protected":false},"excerpt":{"rendered":"<p>Siete Altares Siete Altares is a river destination that is accessible by water and located about 5 kilometers (3 miles) northwest of Livingston. There are a series of 7 waterfalls and crystal clear natural pools (alters) before the river meets the sea. The people who work there speak Gar\u00edfuna as their first language. They have [&hellip;]<\/p>","protected":false},"author":1,"featured_media":0,"parent":0,"menu_order":0,"comment_status":"closed","ping_status":"closed","template":"landing-page","meta":{"footnotes":""},"class_list":["post-77","page","type-page","status-publish","hentry"],"_links":{"self":[{"href":"https:\/\/www.caribbeanadventuretoursgt.com\/es\/wp-json\/wp\/v2\/pages\/77","targetHints":{"allow":["GET"]}}],"collection":[{"href":"https:\/\/www.caribbeanadventuretoursgt.com\/es\/wp-json\/wp\/v2\/pages"}],"about":[{"href":"https:\/\/www.caribbeanadventuretoursgt.com\/es\/wp-json\/wp\/v2\/types\/page"}],"author":[{"embeddable":true,"href":"https:\/\/www.caribbeanadventuretoursgt.com\/es\/wp-json\/wp\/v2\/users\/1"}],"replies":[{"embeddable":true,"href":"https:\/\/www.caribbeanadventuretoursgt.com\/es\/wp-json\/wp\/v2\/comments?post=77"}],"version-history":[{"count":10,"href":"https:\/\/www.caribbeanadventuretoursgt.com\/es\/wp-json\/wp\/v2\/pages\/77\/revisions"}],"predecessor-version":[{"id":769,"href":"https:\/\/www.caribbeanadventuretoursgt.com\/es\/wp-json\/wp\/v2\/pages\/77\/revisions\/769"}],"wp:attachment":[{"href":"https:\/\/www.caribbeanadventuretoursgt.com\/es\/wp-json\/wp\/v2\/media?parent=77"}],"curies":[{"name":"wp","href":"https:\/\/api.w.org\/{rel}","templated":true}]}}