{"id":99,"date":"2025-01-07T17:45:02","date_gmt":"2025-01-07T17:45:02","guid":{"rendered":"https:\/\/www.caribbeanadventuretoursgt.com\/?page_id=99"},"modified":"2026-02-07T15:40:13","modified_gmt":"2026-02-07T15:40:13","slug":"rio-escobas","status":"publish","type":"page","link":"https:\/\/www.caribbeanadventuretoursgt.com\/es\/rio-escobas\/","title":{"rendered":"R\u00edo Escobas"},"content":{"rendered":"<p><big>R\u00edo Escobas<\/big><\/p>\n\n\n\n<p>El r\u00edo Escobas es una reserva natural con aguas cristalinas, piscinas naturales, cascadas y senderos naturales bien cuidados. El r\u00edo nace de la diferencia de temperatura entre el nivel del mar y la cima de una cordillera de 900 metros de altura. Cuando el aire caliente se encuentra con las cimas fr\u00edas de las monta\u00f1as, produce lluvia, incluso cuando es un d\u00eda soleado cerca del nivel del mar. Esto asegura un suministro constante de agua limpia y refrescante que alimenta el r\u00edo. El r\u00edo tambi\u00e9n se utiliza para el suministro de agua municipal de Puerto Barrios.<\/p>\n\n\n\n<figure class=\"wp-block-image aligncenter size-full is-resized\"><img loading=\"lazy\" decoding=\"async\" width=\"399\" height=\"523\" src=\"https:\/\/www.caribbeanadventuretoursgt.com\/wp-content\/uploads\/2025\/01\/re1.jpg\" alt=\"\" class=\"wp-image-100\" style=\"width:332px;height:auto\" srcset=\"https:\/\/www.caribbeanadventuretoursgt.com\/wp-content\/uploads\/2025\/01\/re1.jpg 399w, https:\/\/www.caribbeanadventuretoursgt.com\/wp-content\/uploads\/2025\/01\/re1-229x300.jpg 229w, https:\/\/www.caribbeanadventuretoursgt.com\/wp-content\/uploads\/2025\/01\/re1-9x12.jpg 9w\" sizes=\"auto, (max-width: 399px) 100vw, 399px\" \/><\/figure>\n\n\n\n<figure class=\"wp-block-image aligncenter size-large is-resized\"><img loading=\"lazy\" decoding=\"async\" width=\"1024\" height=\"576\" src=\"https:\/\/www.caribbeanadventuretoursgt.com\/wp-content\/uploads\/2025\/01\/08-re3-1024x576.jpg\" alt=\"\" class=\"wp-image-261\" style=\"width:334px;height:auto\" srcset=\"https:\/\/www.caribbeanadventuretoursgt.com\/wp-content\/uploads\/2025\/01\/08-re3-1024x576.jpg 1024w, https:\/\/www.caribbeanadventuretoursgt.com\/wp-content\/uploads\/2025\/01\/08-re3-300x169.jpg 300w, https:\/\/www.caribbeanadventuretoursgt.com\/wp-content\/uploads\/2025\/01\/08-re3-768x432.jpg 768w, https:\/\/www.caribbeanadventuretoursgt.com\/wp-content\/uploads\/2025\/01\/08-re3-1536x864.jpg 1536w, https:\/\/www.caribbeanadventuretoursgt.com\/wp-content\/uploads\/2025\/01\/08-re3-2048x1153.jpg 2048w, https:\/\/www.caribbeanadventuretoursgt.com\/wp-content\/uploads\/2025\/01\/08-re3-18x10.jpg 18w\" sizes=\"auto, (max-width: 1024px) 100vw, 1024px\" \/><\/figure>\n\n\n\n<figure class=\"wp-block-image aligncenter size-large is-resized\"><img loading=\"lazy\" decoding=\"async\" width=\"1024\" height=\"815\" src=\"https:\/\/www.caribbeanadventuretoursgt.com\/wp-content\/uploads\/2025\/01\/09-re4-1024x815.jpg\" alt=\"\" class=\"wp-image-262\" style=\"width:334px;height:auto\" srcset=\"https:\/\/www.caribbeanadventuretoursgt.com\/wp-content\/uploads\/2025\/01\/09-re4-1024x815.jpg 1024w, https:\/\/www.caribbeanadventuretoursgt.com\/wp-content\/uploads\/2025\/01\/09-re4-300x239.jpg 300w, https:\/\/www.caribbeanadventuretoursgt.com\/wp-content\/uploads\/2025\/01\/09-re4-768x611.jpg 768w, https:\/\/www.caribbeanadventuretoursgt.com\/wp-content\/uploads\/2025\/01\/09-re4-1536x1223.jpg 1536w, https:\/\/www.caribbeanadventuretoursgt.com\/wp-content\/uploads\/2025\/01\/09-re4-2048x1630.jpg 2048w, https:\/\/www.caribbeanadventuretoursgt.com\/wp-content\/uploads\/2025\/01\/09-re4-15x12.jpg 15w\" sizes=\"auto, (max-width: 1024px) 100vw, 1024px\" \/><\/figure>\n\n\n\n<figure class=\"wp-block-image aligncenter size-large is-resized\"><img loading=\"lazy\" decoding=\"async\" width=\"1024\" height=\"474\" src=\"https:\/\/www.caribbeanadventuretoursgt.com\/wp-content\/uploads\/2025\/01\/10-re5-1024x474.jpg\" alt=\"\" class=\"wp-image-263\" style=\"width:339px;height:auto\" srcset=\"https:\/\/www.caribbeanadventuretoursgt.com\/wp-content\/uploads\/2025\/01\/10-re5-1024x474.jpg 1024w, https:\/\/www.caribbeanadventuretoursgt.com\/wp-content\/uploads\/2025\/01\/10-re5-300x139.jpg 300w, https:\/\/www.caribbeanadventuretoursgt.com\/wp-content\/uploads\/2025\/01\/10-re5-768x356.jpg 768w, https:\/\/www.caribbeanadventuretoursgt.com\/wp-content\/uploads\/2025\/01\/10-re5-1536x711.jpg 1536w, https:\/\/www.caribbeanadventuretoursgt.com\/wp-content\/uploads\/2025\/01\/10-re5-2048x948.jpg 2048w, https:\/\/www.caribbeanadventuretoursgt.com\/wp-content\/uploads\/2025\/01\/10-re5-18x8.jpg 18w\" sizes=\"auto, (max-width: 1024px) 100vw, 1024px\" \/><\/figure>\n\n\n\n<p>I also put together a set of free guides to help people get oriented.<\/p>\n\n\n\n<div class=\"wp-block-buttons is-layout-flex wp-block-buttons-is-layout-flex\">\n<div class=\"wp-block-button\"><a class=\"wp-block-button__link wp-element-button\" href=\"https:\/\/www.caribbeanadventuretoursgt.com\/es\/punta-de-manabique\/\">Punta de Manabique<\/a><\/div>\n<\/div>\n\n\n\n<p class=\"has-text-align-center\"><strong><small>Para hacer reservas, ll\u00e1menos, env\u00edenos un email o un mensaje en WhatsApp.<\/small><\/strong><\/p>\n\n\n\n<p class=\"has-text-align-center\"><a href=\"https:\/\/wa.me\/50236877670\">+502 3687 7670<\/a> \/ <a href=\"mailto:caribbeanadventuretoursgt@gmail.com\">caribbeanadventuretoursgt@gmail.com<\/a><\/p>\n\n\n\n<p class=\"has-text-align-center\"><\/p>","protected":false},"excerpt":{"rendered":"<p>R\u00edo Escobas R\u00edo Escobas is a nature reserve with crystal clear water, natural pools, waterfalls, and manicured nature trails. The river is born out of the differential in temperature between sea level and the top of a 3000 foot high mountain range. When hot air meets the cold mountaintops, it produces rain, even when it [&hellip;]<\/p>","protected":false},"author":1,"featured_media":0,"parent":0,"menu_order":0,"comment_status":"closed","ping_status":"closed","template":"landing-page","meta":{"footnotes":""},"class_list":["post-99","page","type-page","status-publish","hentry"],"_links":{"self":[{"href":"https:\/\/www.caribbeanadventuretoursgt.com\/es\/wp-json\/wp\/v2\/pages\/99","targetHints":{"allow":["GET"]}}],"collection":[{"href":"https:\/\/www.caribbeanadventuretoursgt.com\/es\/wp-json\/wp\/v2\/pages"}],"about":[{"href":"https:\/\/www.caribbeanadventuretoursgt.com\/es\/wp-json\/wp\/v2\/types\/page"}],"author":[{"embeddable":true,"href":"https:\/\/www.caribbeanadventuretoursgt.com\/es\/wp-json\/wp\/v2\/users\/1"}],"replies":[{"embeddable":true,"href":"https:\/\/www.caribbeanadventuretoursgt.com\/es\/wp-json\/wp\/v2\/comments?post=99"}],"version-history":[{"count":10,"href":"https:\/\/www.caribbeanadventuretoursgt.com\/es\/wp-json\/wp\/v2\/pages\/99\/revisions"}],"predecessor-version":[{"id":768,"href":"https:\/\/www.caribbeanadventuretoursgt.com\/es\/wp-json\/wp\/v2\/pages\/99\/revisions\/768"}],"wp:attachment":[{"href":"https:\/\/www.caribbeanadventuretoursgt.com\/es\/wp-json\/wp\/v2\/media?parent=99"}],"curies":[{"name":"wp","href":"https:\/\/api.w.org\/{rel}","templated":true}]}}